{"id":90,"date":"2017-03-14T11:47:02","date_gmt":"2017-03-14T10:47:02","guid":{"rendered":"http:\/\/booms.be\/?page_id=90"},"modified":"2025-03-27T19:28:55","modified_gmt":"2025-03-27T18:28:55","slug":"atelier","status":"publish","type":"page","link":"https:\/\/booms.be\/index.php\/atelier\/","title":{"rendered":"Atelier"},"content":{"rendered":"    <div class=\"lsp_main_slider\" style=\"height: 400px\">\n\t\n\n\n<p>Exp\u00e9rience et passion (quinze ans d&rsquo;exp\u00e9rience chez Rolex Benelux Horloger rhabilleur et d\u00e9coteur) deux mots li\u00e9s entre eux pour d\u00e9finir le m\u00e9tier de l&rsquo;horloger. Ayant une vaste exp\u00e9rience dans le domaine, mon atelier vous assure un travail m\u00e9thodique, soign\u00e9 et consciencieux avec mat\u00e9riel de pr\u00e9cision et de qualit\u00e9 avec\u00a0 25 ans de m\u00e9tier<\/p>\n<p>Sp\u00e9cialistes en horlogerie toutes marques, je vous attends et r\u00e9pare vos montres<\/p>\n<p>-Remplacement de verre, Couronne, Bracelet, Polissage boite bracelet, Tige de remontoir, R\u00e9vision compl\u00e8te etc&#8230;.<\/p>\n<p>R\u00e9parateur Agr\u00e9e certifi\u00e9 niveau 3 Swatch group pour les marques (Omega-Longines- Tissot-Pierre Balmain-Rado-Hamilton-Mido<\/p>\n<p>Egalement Tag Heuer, Seiko, Festina, Lotus, Jaguar, Lip, Spinnaker,\u00a0 etc..<\/p>\n<p>Je vous accueille sur rendez vous , Besoin d&rsquo;un conseil? Je vous renseigne volontiers.<\/p>\n<p>Photo r\u00e9vision Rolex\u00a0<\/p>\n<p>&nbsp;<\/p>\n<p>&nbsp;<\/p>\n\n\n<figure class=\"wp-block-image size-large\"><img loading=\"lazy\" decoding=\"async\" width=\"768\" height=\"1024\" src=\"https:\/\/booms.be\/wp-content\/uploads\/2020\/10\/Rol-Mike-768x1024.jpg\" alt=\"\" class=\"wp-image-175\" srcset=\"https:\/\/booms.be\/wp-content\/uploads\/2020\/10\/Rol-Mike-768x1024.jpg 768w, https:\/\/booms.be\/wp-content\/uploads\/2020\/10\/Rol-Mike-225x300.jpg 225w, https:\/\/booms.be\/wp-content\/uploads\/2020\/10\/Rol-Mike-1152x1536.jpg 1152w, https:\/\/booms.be\/wp-content\/uploads\/2020\/10\/Rol-Mike-1536x2048.jpg 1536w, https:\/\/booms.be\/wp-content\/uploads\/2020\/10\/Rol-Mike-scaled.jpg 1920w\" sizes=\"auto, (max-width: 767px) 89vw, (max-width: 1000px) 54vw, (max-width: 1071px) 543px, 580px\" \/><\/figure>\n\n\n\n<p>Restauration et r\u00e9vision visible \u00e9galement sur la page <a href=\"https:\/\/www.facebook.com\/Horlogerie-Bijouterie-BOOMS-1669743349957303\">Facebook<\/a> Atelier Horlogerie Booms.<\/p>\n\n\n\n\n\n<figure class=\"wp-block-image size-large\"><img loading=\"lazy\" decoding=\"async\" width=\"768\" height=\"1024\" src=\"https:\/\/booms.be\/wp-content\/uploads\/2022\/03\/uni-ge-768x1024.jpg\" alt=\"\" class=\"wp-image-296\" srcset=\"https:\/\/booms.be\/wp-content\/uploads\/2022\/03\/uni-ge-768x1024.jpg 768w, https:\/\/booms.be\/wp-content\/uploads\/2022\/03\/uni-ge-225x300.jpg 225w, https:\/\/booms.be\/wp-content\/uploads\/2022\/03\/uni-ge-1152x1536.jpg 1152w, https:\/\/booms.be\/wp-content\/uploads\/2022\/03\/uni-ge-1536x2048.jpg 1536w, https:\/\/booms.be\/wp-content\/uploads\/2022\/03\/uni-ge-scaled.jpg 1920w\" sizes=\"auto, (max-width: 767px) 89vw, (max-width: 1000px) 54vw, (max-width: 1071px) 543px, 580px\" \/><\/figure>\n","protected":false},"excerpt":{"rendered":"<p>Exp\u00e9rience et passion (quinze ans d&rsquo;exp\u00e9rience chez Rolex Benelux Horloger rhabilleur et d\u00e9coteur) deux mots li\u00e9s entre eux pour d\u00e9finir le m\u00e9tier de l&rsquo;horloger. Ayant une vaste exp\u00e9rience dans le domaine, mon atelier vous assure un travail m\u00e9thodique, soign\u00e9 et consciencieux avec mat\u00e9riel de pr\u00e9cision et de qualit\u00e9 avec\u00a0 25 ans de m\u00e9tier Sp\u00e9cialistes en &hellip; <\/p>\n<p class=\"link-more\"><a href=\"https:\/\/booms.be\/index.php\/atelier\/\" class=\"more-link\">Continuer la lecture<span class=\"screen-reader-text\"> de &laquo;&nbsp;Atelier&nbsp;&raquo;<\/span><\/a><\/p>\n","protected":false},"author":3,"featured_media":294,"parent":0,"menu_order":0,"comment_status":"closed","ping_status":"closed","template":"","meta":{"footnotes":""},"class_list":["post-90","page","type-page","status-publish","has-post-thumbnail","hentry"],"_links":{"self":[{"href":"https:\/\/booms.be\/index.php\/wp-json\/wp\/v2\/pages\/90","targetHints":{"allow":["GET"]}}],"collection":[{"href":"https:\/\/booms.be\/index.php\/wp-json\/wp\/v2\/pages"}],"about":[{"href":"https:\/\/booms.be\/index.php\/wp-json\/wp\/v2\/types\/page"}],"author":[{"embeddable":true,"href":"https:\/\/booms.be\/index.php\/wp-json\/wp\/v2\/users\/3"}],"replies":[{"embeddable":true,"href":"https:\/\/booms.be\/index.php\/wp-json\/wp\/v2\/comments?post=90"}],"version-history":[{"count":21,"href":"https:\/\/booms.be\/index.php\/wp-json\/wp\/v2\/pages\/90\/revisions"}],"predecessor-version":[{"id":310,"href":"https:\/\/booms.be\/index.php\/wp-json\/wp\/v2\/pages\/90\/revisions\/310"}],"wp:featuredmedia":[{"embeddable":true,"href":"https:\/\/booms.be\/index.php\/wp-json\/wp\/v2\/media\/294"}],"wp:attachment":[{"href":"https:\/\/booms.be\/index.php\/wp-json\/wp\/v2\/media?parent=90"}],"curies":[{"name":"wp","href":"https:\/\/api.w.org\/{rel}","templated":true}]}}